{"id":174,"date":"2021-12-20T23:59:57","date_gmt":"2021-12-20T22:59:57","guid":{"rendered":"http:\/\/tfvhkpg.cluster031.hosting.ovh.net\/?page_id=174"},"modified":"2025-07-03T18:46:42","modified_gmt":"2025-07-03T16:46:42","slug":"contacts","status":"publish","type":"page","link":"https:\/\/aeppc.org\/index.php\/contacts\/","title":{"rendered":"Contacts"},"content":{"rendered":"\n<p><strong>Si\u00e8ge social de l\u2019Association pour l\u2019Enseignement de la Psychoth\u00e9rapie Psychanalytique Corporelle, AEPPC.<\/strong><\/p>\n\n\n\n<p>Centre Evelyne et Jean Kestemberg<\/p>\n\n\n\n<p>11, rue Albert Bayet, 75013 Paris<\/p>\n\n\n\n<p>mail: aeppc.psychanalyse@gmail.com<\/p>\n\n\n\n<p><strong>Bureau<\/strong>:<\/p>\n\n\n\n<p><strong>Pr\u00e9sidente de l&rsquo;Association<\/strong>: Christine P\u00e9lissier<\/p>\n\n\n\n<p><strong>Tr\u00e9sori\u00e8re<\/strong>: Laure B\u00e9tard<\/p>\n\n\n\n<p><strong>Secretaire<\/strong>: Walter Ribour<\/p>\n\n\n\n<p><strong>Secretaire de la commission scientifique d&rsquo;enseignement<\/strong>: Stephanie Azoulay<\/p>\n\n\n\n<p><strong>Commission scientifique d&rsquo;enseignement:<\/strong> Stephanie Azoulay, Anouk Le Bec, Christine P\u00e9lissier, Sylvie Reignier.<\/p>\n\n\n\n<p><strong>Membres Fondateurs de l\u2019APEPR-AEPPC&nbsp;:<\/strong><\/p>\n\n\n\n<p>Marie Lise Roux+<\/p>\n\n\n\n<p> Monique Dechaud-Ferbus + <\/p>\n\n\n\n<p><\/p>\n\n\n\n<p><\/p>\n\n\n\n<p><strong>Membres&nbsp;:<\/strong><\/p>\n\n\n\n<p>Stephanie Azoulay , Psychologue clinicienne, inscrite \u00e0 l\u2019institut de psychanalyse de la Soci\u00e9t\u00e9 de Paris<\/p>\n\n\n\n<div class=\"wp-block-columns is-layout-flex wp-container-core-columns-layout-1 wp-block-columns-is-layout-flex\">\n<div class=\"wp-block-column is-layout-flow wp-block-column-is-layout-flow\" style=\"flex-basis:25px\"><\/div>\n\n\n\n<div class=\"wp-block-column is-layout-flow wp-block-column-is-layout-flow\">\n<p>102 Boulevard des Batignolles, 75017 Paris<\/p>\n\n\n\n<p>Mob. 06 82 63 64 38, stephazoulay312@gmail.com<\/p>\n<\/div>\n<\/div>\n\n\n\n<p><\/p>\n\n\n\n<p>Mich\u00e8le Bernard-Elek , Psychologue clinicienne<\/p>\n\n\n\n<div class=\"wp-block-columns is-layout-flex wp-container-core-columns-layout-2 wp-block-columns-is-layout-flex\">\n<div class=\"wp-block-column is-layout-flow wp-block-column-is-layout-flow\" style=\"flex-basis:25px\"><\/div>\n\n\n\n<div class=\"wp-block-column is-layout-flow wp-block-column-is-layout-flow\" style=\"flex-basis:66.66%\">\n<p> 20, Rue Duris, 75020 Paris<\/p>\n\n\n\n<p> T\u00e9l.  01 40 33 95 58 <\/p>\n<\/div>\n<\/div>\n\n\n\n<p><\/p>\n\n\n\n<p>Laure B\u00e9tard, Ergotherapeuthe<\/p>\n\n\n\n<div class=\"wp-block-columns is-layout-flex wp-container-core-columns-layout-3 wp-block-columns-is-layout-flex\">\n<div class=\"wp-block-column is-layout-flow wp-block-column-is-layout-flow\" style=\"flex-basis:25px\"><\/div>\n\n\n\n<div class=\"wp-block-column is-layout-flow wp-block-column-is-layout-flow\">\n<p>13, rue des Martyrs, 75009 Paris<\/p>\n\n\n\n<p> Mob.  06 19 96 13 45, Laurebetard@gmail.com<\/p>\n<\/div>\n<\/div>\n\n\n\n<p><\/p>\n\n\n\n<p>Bertrand&nbsp; Cailli\u00e9rez, psychanalyste membre SPP-IPA,<\/p>\n\n\n\n<div class=\"wp-block-columns is-layout-flex wp-container-core-columns-layout-4 wp-block-columns-is-layout-flex\">\n<div class=\"wp-block-column is-layout-flow wp-block-column-is-layout-flow\" style=\"flex-basis:25px\"><\/div>\n\n\n\n<div class=\"wp-block-column is-layout-flow wp-block-column-is-layout-flow\">\n<p>6, rue de Pas de la Mule 75003 Paris&nbsp; (cab)&nbsp;&nbsp;&nbsp;&nbsp;&nbsp;&nbsp;&nbsp;&nbsp;&nbsp;&nbsp;&nbsp;&nbsp;&nbsp;&nbsp;&nbsp;&nbsp;&nbsp;&nbsp;<\/p>\n\n\n\n<p>68, rue du ch\u00e2teau-des- Rentiers 75013 Paris (dom)<\/p>\n\n\n\n<p>Mob.  06 61 24 00 19<\/p>\n\n\n\n<p>Email. bertrandcaillierez@gmail.com<\/p>\n<\/div>\n<\/div>\n\n\n\n<p><\/p>\n\n\n\n<p>Olivia Cahn , Psychologue clinicienne-psychoth\u00e9rapeute<\/p>\n\n\n\n<div class=\"wp-block-columns is-layout-flex wp-container-core-columns-layout-5 wp-block-columns-is-layout-flex\">\n<div class=\"wp-block-column is-layout-flow wp-block-column-is-layout-flow\" style=\"flex-basis:25px\"><\/div>\n\n\n\n<div class=\"wp-block-column is-layout-flow wp-block-column-is-layout-flow\">\n<p>49, quai Jongkind, 38000 Grenoble<\/p>\n\n\n\n<p>T\u00e9l.  04 76 54 07 12<\/p>\n\n\n\n<p>Email. olivia.cahn@sfr.fr<\/p>\n<\/div>\n<\/div>\n\n\n\n<p> <\/p>\n\n\n\n<p>Ioannis Dinos, Psychologue clinicien<\/p>\n\n\n\n<div class=\"wp-block-columns is-layout-flex wp-container-core-columns-layout-6 wp-block-columns-is-layout-flex\">\n<div class=\"wp-block-column is-layout-flow wp-block-column-is-layout-flow\" style=\"flex-basis:25px\"><\/div>\n\n\n\n<div class=\"wp-block-column is-layout-flow wp-block-column-is-layout-flow\">\n<p>Deinokratous 97, 11521, Ath\u00e8nes, 116 34 Gr\u00e8ce<\/p>\n\n\n\n<p>T\u00e9l.  (0030) 210 760 1559<\/p>\n\n\n\n<p>Email. dinospsych@yahoo.com<\/p>\n<\/div>\n<\/div>\n\n\n\n<p><\/p>\n\n\n\n<p>Martine Froget ,<\/p>\n\n\n\n<div class=\"wp-block-columns is-layout-flex wp-container-core-columns-layout-7 wp-block-columns-is-layout-flex\">\n<div class=\"wp-block-column is-layout-flow wp-block-column-is-layout-flow\" style=\"flex-basis:25px\"><\/div>\n\n\n\n<div class=\"wp-block-column is-layout-flow wp-block-column-is-layout-flow\">\n<p>14, rue de P\u00e9rigueux, 33700 M\u00e9rignac<\/p>\n\n\n\n<p>T\u00e9l.  05 56 12 52 44<\/p>\n\n\n\n<p>Mob.  06 83 31 73 48<\/p>\n<\/div>\n<\/div>\n\n\n\n<p><\/p>\n\n\n\n<p>Sandrine Guignier ,<\/p>\n\n\n\n<div class=\"wp-block-columns is-layout-flex wp-container-core-columns-layout-8 wp-block-columns-is-layout-flex\">\n<div class=\"wp-block-column is-layout-flow wp-block-column-is-layout-flow\" style=\"flex-basis:25px\"><\/div>\n\n\n\n<div class=\"wp-block-column is-layout-flow wp-block-column-is-layout-flow\">\n<p>91, rue de Constantine, 69400 Villefranche sur Sa\u00f4ne<\/p>\n\n\n\n<p>Mob.  06 26 55 16 74<\/p>\n\n\n\n<p>Email. sandrine.guignier@gmail.com<\/p>\n<\/div>\n<\/div>\n\n\n\n<p><\/p>\n\n\n\n<p>Nagib Khouri , psychanalyste membre SPP-IPA<\/p>\n\n\n\n<p> Docteur en psychologie clinique <\/p>\n\n\n\n<div class=\"wp-block-columns is-layout-flex wp-container-core-columns-layout-9 wp-block-columns-is-layout-flex\">\n<div class=\"wp-block-column is-layout-flow wp-block-column-is-layout-flow\" style=\"flex-basis:25px\"><\/div>\n\n\n\n<div class=\"wp-block-column is-layout-flow wp-block-column-is-layout-flow\">\n<p>135, rue Didot, 75014 Paris<\/p>\n\n\n\n<p>T\u00e9l.  01 45 43 70 43<\/p>\n<\/div>\n<\/div>\n\n\n\n<p><\/p>\n\n\n\n<p>Florence Lafeuille Mirouze, Psychologue clinicienne<\/p>\n\n\n\n<p>127, avenue Jean-Baptiste Cl\u00e9ment, 92100 Boulogne<\/p>\n\n\n\n<p>Mob: 06 82 25 32 62<\/p>\n\n\n\n<p><\/p>\n\n\n\n<p>Anouk Le Bec<\/p>\n\n\n\n<div class=\"wp-block-columns is-layout-flex wp-container-core-columns-layout-10 wp-block-columns-is-layout-flex\">\n<div class=\"wp-block-column is-layout-flow wp-block-column-is-layout-flow\" style=\"flex-basis:25px\"><\/div>\n\n\n\n<div class=\"wp-block-column is-layout-flow wp-block-column-is-layout-flow\">\n<p>16, Rue Pierre Loti, 92340 Bourg-La-Reine<\/p>\n\n\n\n<p>Mob.  06 66 97 57 18<\/p>\n<\/div>\n<\/div>\n\n\n\n<p><\/p>\n\n\n\n<p>Lito Markouli , Psychiatre, P\u00e9dopsychiatre, D\u00e9l\u00e9gu\u00e9e Permanente de l\u2019AEPPC \u00e0 Chypre<\/p>\n\n\n\n<div class=\"wp-block-columns is-layout-flex wp-container-core-columns-layout-11 wp-block-columns-is-layout-flex\">\n<div class=\"wp-block-column is-layout-flow wp-block-column-is-layout-flow\" style=\"flex-basis:25px\"><\/div>\n\n\n\n<div class=\"wp-block-column is-layout-flow wp-block-column-is-layout-flow\">\n<p>&nbsp;1 Georges 1<sup>er<\/sup>&nbsp; Limassol, 4047 Chypre<\/p>\n\n\n\n<p> T\u00e9l.   (0035)799 45 38 97<\/p>\n<\/div>\n<\/div>\n\n\n\n<p><\/p>\n\n\n\n<p>Brigitte Pacquement, Psychanalyste membre affili\u00e9 SPF<\/p>\n\n\n\n<div class=\"wp-block-columns is-layout-flex wp-container-core-columns-layout-12 wp-block-columns-is-layout-flex\">\n<div class=\"wp-block-column is-layout-flow wp-block-column-is-layout-flow\" style=\"flex-basis:25px\"><\/div>\n\n\n\n<div class=\"wp-block-column is-layout-flow wp-block-column-is-layout-flow\">\n<p>5, Av. Rodin, 75116 Paris<\/p>\n\n\n\n<p>T\u00e9l. 01 45 04 56 22<\/p>\n<\/div>\n<\/div>\n\n\n\n<p><\/p>\n\n\n\n<p>Christine P\u00e9lissier , Psychanalyste membre SPP-IPA<\/p>\n\n\n\n<div class=\"wp-block-columns is-layout-flex wp-container-core-columns-layout-13 wp-block-columns-is-layout-flex\">\n<div class=\"wp-block-column is-layout-flow wp-block-column-is-layout-flow\" style=\"flex-basis:25px\"><\/div>\n\n\n\n<div class=\"wp-block-column is-layout-flow wp-block-column-is-layout-flow\">\n<p>8, bd D\u00e9odat de S\u00e9verac, Appt 205 B, 31300 Toulouse<\/p>\n\n\n\n<p>Mob.  06 70 47 61 88, pelissierchristine4@gmail.com<\/p>\n<\/div>\n<\/div>\n\n\n\n<p><\/p>\n\n\n\n<p>Marie-Fran\u00e7oise Poulet-Goffard, Psychanalyste membre de la SPF<\/p>\n\n\n\n<p>            16, rue le Dantec, 75013 Paris<\/p>\n\n\n\n<p>            Mob. 06 09 21 81 82, mf.pouletgoffard@gmail.com<\/p>\n\n\n\n<p><\/p>\n\n\n\n<p>Sylvie Reignier , Psychanalyste, membre SPP-IP<\/p>\n\n\n\n<div class=\"wp-block-columns is-layout-flex wp-container-core-columns-layout-14 wp-block-columns-is-layout-flex\">\n<div class=\"wp-block-column is-layout-flow wp-block-column-is-layout-flow\" style=\"flex-basis:25px\"><\/div>\n\n\n\n<div class=\"wp-block-column is-layout-flow wp-block-column-is-layout-flow\">\n<p>51, rue du Plateau, 92350 Le Plessis-Robinson<\/p>\n\n\n\n<p>Mob. 06 34 32 37 43<\/p>\n<\/div>\n<\/div>\n\n\n\n<p><\/p>\n\n\n\n<p>Walter Ribour, Psychologue clinicien<\/p>\n\n\n\n<p>                 41, Avenue Trudaine, 75009 Paris<\/p>\n\n\n\n<p>                 Mob. 06 73 04 75 33, ribourwalter@sfr.fr<\/p>\n\n\n\n<p><\/p>\n\n\n\n<p>Annette Thom\u00e9-Renault , Psychanalyste membre titulaire SPP-IPA<\/p>\n\n\n\n<div class=\"wp-block-columns is-layout-flex wp-container-core-columns-layout-15 wp-block-columns-is-layout-flex\">\n<div class=\"wp-block-column is-layout-flow wp-block-column-is-layout-flow\" style=\"flex-basis:25px\"><\/div>\n\n\n\n<div class=\"wp-block-column is-layout-flow wp-block-column-is-layout-flow\">\n<p>2, Av. de l\u2019Europe, 38120 St-Egr\u00e8ve<\/p>\n\n\n\n<p>T\u00e9l. 04 76 75 89 64<\/p>\n<\/div>\n<\/div>\n\n\n\n<p><\/p>\n\n\n\n<p>Laurence Trilles <\/p>\n\n\n\n<div class=\"wp-block-columns is-layout-flex wp-container-core-columns-layout-16 wp-block-columns-is-layout-flex\">\n<div class=\"wp-block-column is-layout-flow wp-block-column-is-layout-flow\" style=\"flex-basis:25px\"><\/div>\n\n\n\n<div class=\"wp-block-column is-layout-flow wp-block-column-is-layout-flow\">\n<p>99, Grande rue de la Guillautiere, 69007 Lyon<\/p>\n\n\n\n<p>Mob. 06 84 51 44 98<\/p>\n\n\n\n<p>Email. laurencetrilles@icloud.com<\/p>\n<\/div>\n<\/div>\n\n\n\n<p><strong>Membres Formateurs&nbsp;:<\/strong><\/p>\n\n\n\n<div class=\"wp-block-columns is-layout-flex wp-container-core-columns-layout-17 wp-block-columns-is-layout-flex\">\n<div class=\"wp-block-column is-layout-flow wp-block-column-is-layout-flow\" style=\"flex-basis:25px\"><\/div>\n\n\n\n<div class=\"wp-block-column is-layout-flow wp-block-column-is-layout-flow\">\n<p>Azoulay Stephanie, Psychologue clinicienne, inscrite \u00e0 IPP<\/p>\n\n\n\n<p>Bernard-Elek Mich\u00e8le, Psychologue clinicienne<\/p>\n\n\n\n<p>Cailli\u00e9rez Bertrand, psychanalyste SPP-IPA<\/p>\n\n\n\n<p>Dinos Ioannis Psychologue clinicien<\/p>\n\n\n\n<p>Khouri Nagib, psychanalyste SPP-IPA<\/p>\n\n\n\n<p>Le Bec Anouk<\/p>\n\n\n\n<p>Pacquement Brigitte, psychanalyste SPF<\/p>\n\n\n\n<p>P\u00e9lissier Christine, psychanalyste SPP-IPA<\/p>\n\n\n\n<p>Reignier Sylvie, Psychanalyste SPP-IPA<\/p>\n\n\n\n<p>Thom\u00e9-Renault Annette, psychanalyste titulaire SPP-IPA<\/p>\n<\/div>\n<\/div>\n","protected":false},"excerpt":{"rendered":"<p>Si\u00e8ge social de l\u2019Association pour l\u2019Enseignement de la Psychoth\u00e9rapie Psychanalytique Corporelle, AEPPC. Centre Evelyne et Jean Kestemberg 11, rue Albert Bayet, 75013 Paris mail: aeppc.psychanalyse@gmail.com Bureau: Pr\u00e9sidente de l&rsquo;Association: Christine P\u00e9lissier Tr\u00e9sori\u00e8re: Laure B\u00e9tard Secretaire: Walter Ribour Secretaire de la commission scientifique d&rsquo;enseignement: Stephanie Azoulay Commission scientifique d&rsquo;enseignement: Stephanie Azoulay, Anouk Le Bec, Christine P\u00e9lissier, [&hellip;]<\/p>\n","protected":false},"author":1,"featured_media":0,"parent":0,"menu_order":0,"comment_status":"closed","ping_status":"closed","template":"","meta":{"footnotes":""},"_links":{"self":[{"href":"https:\/\/aeppc.org\/index.php\/wp-json\/wp\/v2\/pages\/174"}],"collection":[{"href":"https:\/\/aeppc.org\/index.php\/wp-json\/wp\/v2\/pages"}],"about":[{"href":"https:\/\/aeppc.org\/index.php\/wp-json\/wp\/v2\/types\/page"}],"author":[{"embeddable":true,"href":"https:\/\/aeppc.org\/index.php\/wp-json\/wp\/v2\/users\/1"}],"replies":[{"embeddable":true,"href":"https:\/\/aeppc.org\/index.php\/wp-json\/wp\/v2\/comments?post=174"}],"version-history":[{"count":39,"href":"https:\/\/aeppc.org\/index.php\/wp-json\/wp\/v2\/pages\/174\/revisions"}],"predecessor-version":[{"id":521,"href":"https:\/\/aeppc.org\/index.php\/wp-json\/wp\/v2\/pages\/174\/revisions\/521"}],"wp:attachment":[{"href":"https:\/\/aeppc.org\/index.php\/wp-json\/wp\/v2\/media?parent=174"}],"curies":[{"name":"wp","href":"https:\/\/api.w.org\/{rel}","templated":true}]}}