{"id":20,"date":"2021-12-09T15:21:52","date_gmt":"2021-12-09T14:21:52","guid":{"rendered":"http:\/\/tfvhkpg.cluster031.hosting.ovh.net\/?page_id=20"},"modified":"2022-07-24T14:05:17","modified_gmt":"2022-07-24T12:05:17","slug":"les-actes","status":"publish","type":"page","link":"https:\/\/aeppc.org\/index.php\/les-actes\/","title":{"rendered":"Recherches actuelles"},"content":{"rendered":"\n<p><\/p>\n\n\n\n<p><strong>Publications r\u00e9centes<\/strong><\/p>\n\n\n\n<ul><li>Carnet Psy sept-Oct 2020, Dossier coordonn\u00e9s par Monique Dechaud-Ferbus\u00a0: La Psychoth\u00e9rapie Psychanalytique Corporelle.<\/li><li>Revue fran\u00e7aise de Psychanalyse, 2022, Tome LXXXVI-1, Dossier sur La Psychoth\u00e9rapie Psychanalytique Corporelle.<\/li><\/ul>\n\n\n\n<p><\/p>\n\n\n\n<p><strong>Les actes<\/strong><\/p>\n\n\n\n<p><strong>Actes de l\u2019AEPPC<\/strong><\/p>\n\n\n\n<ul><li>2021&nbsp;: Le traumatisme, L\u2019apport de Ferenczi dans le travail de la PPC (\u00e0 paraitre en 2022)<\/li><li>2020&nbsp;: Soma-Psych\u00e9<\/li><li>2019&nbsp;: La fonction du regard<\/li><li>2018&nbsp;: Le regard organisateur de la Psych\u00e9<\/li><li>2017&nbsp;: Les variations du cadre pendant le processus de la cure<\/li><li>2016&nbsp;: Transferts et mouvements<\/li><li>2015&nbsp;: Manifestations motrices dans la cure<\/li><li>2014&nbsp;: <a href=\"http:\/\/tfvhkpg.cluster031.hosting.ovh.net\/wp-content\/uploads\/2022\/01\/journee_2016.pdf\" target=\"_blank\" rel=\"noreferrer noopener\">Les fonctions psychiques du mouvement<\/a><\/li><li>2013 : L&rsquo;excitation<\/li><li>2012 : La douleur entre soma et psych\u00e9<\/li><li>2012&nbsp;: Des pathologies de l\u2019excitation. Autour des tics et de la cuirasse musculaire<\/li><li>2011&nbsp;: L\u2019excitation et ses destins<\/li><li>2010&nbsp;: Le contre-transfert en Psychoth\u00e9rapie de Relaxation<\/li><li>2009&nbsp;: L\u2019am\u00e9nagement du cadre en Psychoth\u00e9rapie Psychanalytique Corporelle<\/li><li>2008&nbsp;: L\u2019attention en Psychoth\u00e9rapie de Relaxation<br><\/li><\/ul>\n\n\n\n<p><strong>Actes des Colloques de l\u2019Association Pour l\u2019Enseignement de la Psychoth\u00e9rapie de Relaxation, APEPR, devenue Association pour l\u2019Enseignement de la Psychoth\u00e9rapie Psychanalytique Corporelle, AEPPC&nbsp;:<\/strong><\/p>\n\n\n\n<p><strong>Actes de l\u2019APEPR <\/strong><\/p>\n\n\n\n<ul><li>2004&nbsp;: Le corps entre souffrance et douleur en psychoth\u00e9rapie de relaxation&nbsp;<\/li><li>2000&nbsp;: Le sexuel et Psychoth\u00e9rapie de relaxation, de l\u2019\u00e9rog\u00e8ne \u00e0 l\u2019\u00e9rotique&nbsp;<\/li><li>1998&nbsp;: Du contre-transfert<\/li><li>1996&nbsp;: Traduire le corps&nbsp;: les Psychoth\u00e9rapies \u00e0 m\u00e9diation corporelle<\/li><li>1995&nbsp;: Perception et sensorialit\u00e9<\/li><li>1994&nbsp;: Passivit\u00e9 et psychoth\u00e9rapie de relaxation<\/li><li>1993&nbsp;: Journ\u00e9e d\u2019\u00c9tude sur le toucher<\/li><li>1987&nbsp;: Traumatisme corporel et psychoth\u00e9rapie de relaxation<\/li><li>1986&nbsp;: Institution et psychose, la place de la Psychoth\u00e9rapie de relaxation<\/li><li>1985&nbsp;: Affects et corps<\/li><li>1984&nbsp;: Narcissisme et investissement corporel<\/li><li>1982&nbsp;: Les \u00e2ges du corps<\/li><li>1980&nbsp;: A propos du transfert en psychoth\u00e9rapie de relaxation<\/li><li>1979&nbsp;: De la crise au changement<\/li><li>1978&nbsp;: Plaisir et douleur en psychoth\u00e9rapie de relaxation<\/li><li>1977&nbsp;: L\u2019auto-\u00e9rotisme<\/li><li>1976&nbsp;: Premiers contacts&nbsp;<\/li><li>1975&nbsp;: Le processus dans la cure de psychoth\u00e9rapie de relaxation<\/li><li>1974&nbsp;: Langage et relaxation<\/li><li>1973&nbsp;: Le contr\u00f4le tonique<\/li><\/ul>\n","protected":false},"excerpt":{"rendered":"<p>Publications r\u00e9centes Carnet Psy sept-Oct 2020, Dossier coordonn\u00e9s par Monique Dechaud-Ferbus\u00a0: La Psychoth\u00e9rapie Psychanalytique Corporelle. Revue fran\u00e7aise de Psychanalyse, 2022, Tome LXXXVI-1, Dossier sur La Psychoth\u00e9rapie Psychanalytique Corporelle. Les actes Actes de l\u2019AEPPC 2021&nbsp;: Le traumatisme, L\u2019apport de Ferenczi dans le travail de la PPC (\u00e0 paraitre en 2022) 2020&nbsp;: Soma-Psych\u00e9 2019&nbsp;: La fonction du [&hellip;]<\/p>\n","protected":false},"author":1,"featured_media":0,"parent":0,"menu_order":0,"comment_status":"closed","ping_status":"closed","template":"","meta":{"footnotes":""},"_links":{"self":[{"href":"https:\/\/aeppc.org\/index.php\/wp-json\/wp\/v2\/pages\/20"}],"collection":[{"href":"https:\/\/aeppc.org\/index.php\/wp-json\/wp\/v2\/pages"}],"about":[{"href":"https:\/\/aeppc.org\/index.php\/wp-json\/wp\/v2\/types\/page"}],"author":[{"embeddable":true,"href":"https:\/\/aeppc.org\/index.php\/wp-json\/wp\/v2\/users\/1"}],"replies":[{"embeddable":true,"href":"https:\/\/aeppc.org\/index.php\/wp-json\/wp\/v2\/comments?post=20"}],"version-history":[{"count":7,"href":"https:\/\/aeppc.org\/index.php\/wp-json\/wp\/v2\/pages\/20\/revisions"}],"predecessor-version":[{"id":295,"href":"https:\/\/aeppc.org\/index.php\/wp-json\/wp\/v2\/pages\/20\/revisions\/295"}],"wp:attachment":[{"href":"https:\/\/aeppc.org\/index.php\/wp-json\/wp\/v2\/media?parent=20"}],"curies":[{"name":"wp","href":"https:\/\/api.w.org\/{rel}","templated":true}]}}