{"id":27,"date":"2021-12-09T15:27:29","date_gmt":"2021-12-09T14:27:29","guid":{"rendered":"http:\/\/tfvhkpg.cluster031.hosting.ovh.net\/?page_id=27"},"modified":"2025-06-09T12:38:46","modified_gmt":"2025-06-09T10:38:46","slug":"articles","status":"publish","type":"page","link":"https:\/\/aeppc.org\/index.php\/articles\/","title":{"rendered":"Articles"},"content":{"rendered":"\n<p><\/p>\n\n\n\n<ul>\n<li>Azoulay, S. (2020), &nbsp;\u201cJ\u2019ai une crise de vie\u201d, Psychanalyse et Psychose n\u00b020, 2020, p 179-194.<\/li>\n<\/ul>\n\n\n\n<ul>\n<li>Barbier A. (1986)&nbsp;: le refoulement originaire dans ses rapports avec le fantasme originaire et l\u2019identification primaire, in&nbsp;<em>Revue Fran\u00e7aise de Psychanalyse<\/em>, 1986, vol. 50, n\u00b0 1, 451-457.&nbsp;<\/li>\n\n\n\n<li>Barbier A. (1992) : Emprise, action , origine, in&nbsp;<em>Revue Fran\u00e7aise de Psychanalyse<\/em>, 1992, vol. 56, n\u00b0 sp\u00e9cial congr\u00e8s, 1499-1505.<\/li>\n\n\n\n<li>Barbier A. (2004)&nbsp;: Peut-on exister sans cette souffrance qui fait partie de soi&nbsp;?, in&nbsp;<em>Revue Fran\u00e7aise de Psychanalyse<\/em>, 2004, vol. 68, n\u00b0 5 sp\u00e9cial congr\u00e8s, 1699-1704.<\/li>\n\n\n\n<li>Caillierez, B. (2017), &nbsp;\u201cAna\u00efde: transfert passionnel et t\u00e9l\u00e9scopage des g\u00e9n\u00e9rations\u201d , Psychanalyse et Psychose n\u00b017, 2017, p 33-48.<\/li>\n\n\n\n<li>Coblence F. (2010), La vie d\u2019\u00e2me. Psych\u00e9 est corporelle, n\u2019en sait rien, in <em>Revue fran\u00e7aise de psychanalyse, <\/em>vol 74, N\u00b05, pp.1285- 1356.<\/li>\n<\/ul>\n\n\n\n<ul>\n<li>Dechaud-Ferbus M. (1997)&nbsp;: Conditions et fonctions de l\u2019objet en personne, in&nbsp;<em>Revue Fran\u00e7aise de Psychanalyse&nbsp;<\/em>, 1997, n\u00b0 2, 465-474, Paris, Puf.<\/li>\n\n\n\n<li>Dechaud-Ferbus M. (1999): Un corps pour \u00eatre, in&nbsp;<em>Revue Fran\u00e7aise de Psychanalyse , Psychoses&nbsp;: tome 3,&nbsp;<\/em>Paris, Puf, 1999, 55-67.<\/li>\n\n\n\n<li>Dechaud-Ferbus M. (1999): Le d\u00e9faut de passivit\u00e9, in&nbsp;<em>Revue Fran\u00e7aise de Psychanalyse&nbsp;<\/em>, 1999, vol. 63, n\u00b0 5, 1789-1796.<\/li>\n\n\n\n<li>Dechaud-Ferbus M. (2009)&nbsp;: Les inhibiteurs de l\u2019excitation dans la gen\u00e8se du fonctionnement psychique&nbsp;: de la d\u00e9charge \u00e0 la liaison, in&nbsp;<a href=\"https:\/\/www.cairn.info\/revue-francaise-de-psychanalyse.htm\">Revue fran\u00e7aise de psychanalyse<\/a>&nbsp;<a href=\"https:\/\/www.cairn.info\/revue-francaise-de-psychanalyse-2009-2.htm\">2009\/2 (Vol. 73)<\/a><\/li>\n\n\n\n<li>Dechaud-Ferbus M. et Pelissier Christine (2016)&nbsp;: Sentir pour penser. Ou le corps comme organisateur de la psych\u00e9, in&nbsp;<a href=\"https:\/\/www.cairn.info\/revue-francaise-de-psychanalyse.htm\">Revue fran\u00e7aise de psychanalyse<\/a> 2016\/4 (vol 80)<\/li>\n\n\n\n<li>Dechaud-Ferbus M. (2018)&nbsp;: Transformation des mouvements meurtriers en fantasmes de matricide et d\u2019infanticide, leur r\u00f4le dans la diff\u00e9renciation sujet\/objet, in&nbsp;<a href=\"https:\/\/www.cairn.info\/revue-francaise-de-psychanalyse.htm\"><em>Revue fran\u00e7aise de psychanalyse<\/em><\/a>&nbsp;<a href=\"https:\/\/www.cairn.info\/revue-francaise-de-psychanalyse-2018-5.htm\">2018\/5 (Vol. 82)<\/a><\/li>\n<\/ul>\n\n\n\n<ul>\n<li>Duparc F. (2001)&nbsp;: Inqui\u00e9tante voracit\u00e9&nbsp;: de l\u2019\u0153il \u00e0 la bouche, du sein au regard, in&nbsp;<em>Revue Fran\u00e7aise de Psychanalyse<\/em>, 2001, vol. 65, n\u00b0 5, 1463-1485.<\/li>\n\n\n\n<li>Duparc F. (2005)&nbsp;: L\u2019excitation et sa mise en cadre, in&nbsp;<em>Revue Fran\u00e7aise de Psychanalyse&nbsp;<\/em>2005, vol. 69, n\u00b01, 75-86.<\/li>\n\n\n\n<li>Fr\u00e8re-Artinian C. (2006)&nbsp;: La ma\u00eetrise du contre-transfert, une but\u00e9e organisatrice&nbsp;: figures de la pliure, in&nbsp;<em>Revue Fran\u00e7aise de Psychanalyse<\/em>, 2006, vol. 70, n\u00b02, 415-430.<\/li>\n\n\n\n<li>Haag G., (2004)&nbsp;: le moi corporelle entre d\u00e9pression primaire et d\u00e9pression m\u00e9lancolique, in&nbsp;<em>Revue Fran\u00e7aise de Psychanalyse<\/em>, 2004, vol. 68, n\u00b04, 1133-1151.<\/li>\n\n\n\n<li>L\u2019Heureux Le Beuf D. (2004)&nbsp;: Le corps raconte-t-il toujours des histoires, in&nbsp;<em>Revue fran\u00e7aise de psychosomatique<\/em>, 2004, N. 25, 7-18.<\/li>\n\n\n\n<li>P\u00e9lissier C. (2002)&nbsp;: Du corporel au psychisme, un cas de psychoth\u00e9rapie de relaxation, in&nbsp;<em>Psychanalyse et psychose<\/em>,&nbsp;<em>Sentir le corps<\/em>, 2002, n\u00b0 2, 59-69.<\/li>\n\n\n\n<li>P\u00e9lissier, C. (2006), &nbsp;\u201cUn corps d\u00e9lirant\u201d, Psychanalyse et Psychose n\u00b006, 2006, p 93-104.<\/li>\n\n\n\n<li>P\u00e9lissier, (2008), C. \u201cBaptiste, un \u00eatre \u00e0 la porte du monde\u201d, Psychanalyse et Psychose n\u00b008, 2008, p 67-80.<\/li>\n\n\n\n<li>P\u00e9lissier, C., (2014), \u201cQui allez vous \u00eatre?\u201d, Psychanalyse et Psychose n\u00b014, 2014, p 109-121.<\/li>\n\n\n\n<li><a href=\"http:\/\/aeppc.org\/wp-content\/uploads\/2024\/03\/M.-Dechaud-Ferbus_-M.Schweich.pdf\">Pr\u00e9sentation de l\u2019ouvrage de Monique DECHAUD-FERBUS &#8211; Michel SCHWEICHCure et m\u00e9diations dans le traitement des patients psychotiques (Paris, l\u2019Harmattan 2015) Par Christine P\u00e9lissier d\u2019apr\u00e8s sa pr\u00e9sentation \u00e0 l\u2019ASM 13 en pr\u00e9sence de Vassilis Kapsambelis (2016).<\/a><\/li>\n\n\n\n<li>Regnier Sylvie, (2024), \u00ab\u00a0L&rsquo;attention et le parcours des voix identificatoires\u00a0\u00bb, in Revue fran\u00e7aise de psychanalyse, Identit\u00e9s, 2024, n\u00b05, pp.345-349.<\/li>\n\n\n\n<li>Rueff-Escoub\u00e8s, C.- P\u00e9lissier,C., (2004), &nbsp;\u201cGabrielle et le sexe des hommes\u201d, Psychanalyse et Psychose n\u00b004, 2004, p 59-77.<\/li>\n<\/ul>\n\n\n\n<ul>\n<li>Roux M.L. (1984)&nbsp;: Corps affect\u00e9s et corps d\u00e9saffect\u00e9s, in&nbsp;<em>Revue Fran\u00e7aise de Psychanalyse ,<\/em>1984, vol. 48, n\u00b06, 1473-1483, Paris, Puf.<\/li>\n\n\n\n<li>Roux M.L. (1991)&nbsp;: Temps de l\u2019analyse, temps de la psychoth\u00e9rapie&nbsp;: un paradoxe&nbsp;?, in&nbsp;<em>Revue Fran\u00e7aise de Psychanalyse, 1991<\/em>, vol. 55, n\u00b02, 447-452.<\/li>\n\n\n\n<li>Roux M.L. (1984)&nbsp;: Nadja et son corps&nbsp;: une nourriture sans go\u00fbt, in&nbsp;<em>Revue Fran\u00e7aise de Psychanalyse,&nbsp;<\/em>198a, vol. 48, n\u00b06, 1497-1502.<\/li>\n<\/ul>\n\n\n\n<ul>\n<li>Roux M.L. (1999)&nbsp;: Des sans-papiers, &nbsp;in&nbsp;<em>Revue Fran\u00e7aise de Psychanalyse,<\/em>1999, vol. 63, n\u00b04, 1127-1133.<\/li>\n\n\n\n<li>Roux M.L. (2002)&nbsp;: Un corps \u00e0 corps ininterrompu, in&nbsp;<em>Psychanalyse et psychose<\/em>, 2002, n\u00b0 2, 71-78.<\/li>\n\n\n\n<li>Roux M.L. (2005)&nbsp;: Un corps propre, in&nbsp;<em>Revue Fran\u00e7aise de Psychanalyse, <\/em>2005, vol. 27, 41-48.<\/li>\n\n\n\n<li>Roux M.L. (2007)&nbsp;: La Gorgone et la Sphynge, in&nbsp;<em>Revue Fran\u00e7aise de Psychanalyse, <\/em>2007, vol. 32, 81-88.<\/li>\n\n\n\n<li>Sacco F. (1986)&nbsp;: Refoulement et p\u00e9riode de latence, in&nbsp;<em>Revue Fran\u00e7aise de Psychanalyse, 1986<\/em>, vol. 50, n\u00b0 1, 621-625.<\/li>\n\n\n\n<li>Sacco F. (2001)&nbsp;: La r\u00e9pression et le Moi corporel, in&nbsp;<em>Revue Fran\u00e7aise de Psychanalyse,&nbsp;<\/em>2001, vol. 65, n\u00b0 1, 175-182.<\/li>\n\n\n\n<li>Sacco F. (2001)&nbsp;: La r\u00e9pression et le Moi corporel, in&nbsp;<em>Revue Fran\u00e7aise de Psychanalyse ,&nbsp;<\/em>2001, vol. 65, n\u00b0 1, 175-182, Paris, Puf.<\/li>\n\n\n\n<li>Thom\u00e9-Renault (1991)&nbsp;: Des conduites \u00e0 risque, la relaxation peut-elle aider \u00e0 contenir la pulsion&nbsp;? in&nbsp;<em>Revue de M\u00e9decine Psychosomatique<\/em>, 1991, n\u00b0 25, 41-51.<\/li>\n\n\n\n<li>Thom\u00e9-Renault (1991)&nbsp;: Int\u00e9r\u00eat des cures de relaxation chez les sujets menac\u00e9s par le SIDA, in&nbsp;<em>Psychoth\u00e9rapies<\/em>, 1991, n\u00b0 1, 33-37.<\/li>\n\n\n\n<li>Thom\u00e9-Renault (1993)&nbsp;: Apport de la relaxation dans la situation traumatique d\u2019un patient s\u00e9ropositif, in&nbsp;<em>Revue Fran\u00e7aise de Psychosomatique<\/em>, Paris, Puf, 1993, 69-78.<\/li>\n\n\n\n<li>Thom\u00e9-Renault (1995)&nbsp;: La psychoth\u00e9rapie de relaxation, in&nbsp;<em>Le traumatisme de la mort annonc\u00e9e<\/em>, Paris, Dunod, 1995, 107- 128.<\/li>\n<\/ul>\n","protected":false},"excerpt":{"rendered":"","protected":false},"author":1,"featured_media":0,"parent":0,"menu_order":0,"comment_status":"closed","ping_status":"closed","template":"","meta":{"footnotes":""},"_links":{"self":[{"href":"https:\/\/aeppc.org\/index.php\/wp-json\/wp\/v2\/pages\/27"}],"collection":[{"href":"https:\/\/aeppc.org\/index.php\/wp-json\/wp\/v2\/pages"}],"about":[{"href":"https:\/\/aeppc.org\/index.php\/wp-json\/wp\/v2\/types\/page"}],"author":[{"embeddable":true,"href":"https:\/\/aeppc.org\/index.php\/wp-json\/wp\/v2\/users\/1"}],"replies":[{"embeddable":true,"href":"https:\/\/aeppc.org\/index.php\/wp-json\/wp\/v2\/comments?post=27"}],"version-history":[{"count":6,"href":"https:\/\/aeppc.org\/index.php\/wp-json\/wp\/v2\/pages\/27\/revisions"}],"predecessor-version":[{"id":499,"href":"https:\/\/aeppc.org\/index.php\/wp-json\/wp\/v2\/pages\/27\/revisions\/499"}],"wp:attachment":[{"href":"https:\/\/aeppc.org\/index.php\/wp-json\/wp\/v2\/media?parent=27"}],"curies":[{"name":"wp","href":"https:\/\/api.w.org\/{rel}","templated":true}]}}